{"id":133,"date":"2025-11-03T00:54:33","date_gmt":"2025-11-03T00:54:33","guid":{"rendered":"https:\/\/terralink-fordwarding.com\/?page_id=133"},"modified":"2025-11-03T00:56:44","modified_gmt":"2025-11-03T00:56:44","slug":"agencia-aduanal-y-cumplimiento-normativo","status":"publish","type":"page","link":"https:\/\/terralink-fordwarding.com\/es\/agencia-aduanal-y-cumplimiento-normativo\/","title":{"rendered":"Agencia Aduanal y Cumplimiento Normativo"},"content":{"rendered":"<div data-elementor-type=\"wp-page\" data-elementor-id=\"133\" class=\"elementor elementor-133\" data-elementor-post-type=\"page\">\n\t\t\t\t\t\t<section class=\"elementor-section elementor-top-section elementor-element elementor-element-517d17d6 elementor-section-height-min-height elementor-section-stretched elementor-section-boxed elementor-section-height-default elementor-section-items-middle\" data-id=\"517d17d6\" data-element_type=\"section\" data-settings=\"{&quot;stretch_section&quot;:&quot;section-stretched&quot;,&quot;background_background&quot;:&quot;classic&quot;}\">\n\t\t\t\t\t\t\t<div class=\"elementor-background-overlay\"><\/div>\n\t\t\t\t\t\t\t<div class=\"elementor-container elementor-column-gap-default\">\n\t\t\t\t\t<div class=\"elementor-column elementor-col-50 elementor-top-column elementor-element elementor-element-6f1bb2f8\" data-id=\"6f1bb2f8\" data-element_type=\"column\">\n\t\t\t<div class=\"elementor-widget-wrap elementor-element-populated\">\n\t\t\t\t\t\t<div class=\"elementor-element elementor-element-3ca82fd6 elementor-widget elementor-widget-heading\" data-id=\"3ca82fd6\" data-element_type=\"widget\" data-widget_type=\"heading.default\">\n\t\t\t\t<div class=\"elementor-widget-container\">\n\t\t\t\t\t<h2 class=\"elementor-heading-title elementor-size-default\">Agencia Aduanal y Cumplimiento Normativo<\/h2>\t\t\t\t<\/div>\n\t\t\t\t<\/div>\n\t\t\t\t<div class=\"elementor-element elementor-element-45137252 elementor-widget elementor-widget-heading\" data-id=\"45137252\" data-element_type=\"widget\" data-widget_type=\"heading.default\">\n\t\t\t\t<div class=\"elementor-widget-container\">\n\t\t\t\t\t<h2 class=\"elementor-heading-title elementor-size-default\">\u00a1Asegurando rapidez y cumplimiento aduanal!<\/h2>\t\t\t\t<\/div>\n\t\t\t\t<\/div>\n\t\t\t\t\t<\/div>\n\t\t<\/div>\n\t\t\t\t<div class=\"elementor-column elementor-col-50 elementor-top-column elementor-element elementor-element-3bda7932\" data-id=\"3bda7932\" data-element_type=\"column\">\n\t\t\t<div class=\"elementor-widget-wrap\">\n\t\t\t\t\t\t\t<\/div>\n\t\t<\/div>\n\t\t\t\t\t<\/div>\n\t\t<\/section>\n\t\t\t\t<section class=\"elementor-section elementor-top-section elementor-element elementor-element-423fd62f elementor-section-boxed elementor-section-height-default elementor-section-height-default\" data-id=\"423fd62f\" data-element_type=\"section\">\n\t\t\t\t\t\t<div class=\"elementor-container elementor-column-gap-default\">\n\t\t\t\t\t<div class=\"elementor-column elementor-col-100 elementor-top-column elementor-element elementor-element-540317d9\" data-id=\"540317d9\" data-element_type=\"column\">\n\t\t\t<div class=\"elementor-widget-wrap elementor-element-populated\">\n\t\t\t\t\t\t<div class=\"elementor-element elementor-element-3438c22c elementor-widget elementor-widget-spacer\" data-id=\"3438c22c\" data-element_type=\"widget\" data-widget_type=\"spacer.default\">\n\t\t\t\t<div class=\"elementor-widget-container\">\n\t\t\t\t\t\t\t<div class=\"elementor-spacer\">\n\t\t\t<div class=\"elementor-spacer-inner\"><\/div>\n\t\t<\/div>\n\t\t\t\t\t\t<\/div>\n\t\t\t\t<\/div>\n\t\t\t\t\t<\/div>\n\t\t<\/div>\n\t\t\t\t\t<\/div>\n\t\t<\/section>\n\t\t\t\t<section class=\"elementor-section elementor-top-section elementor-element elementor-element-5f320d26 elementor-section-stretched elementor-section-boxed elementor-section-height-default elementor-section-height-default\" data-id=\"5f320d26\" data-element_type=\"section\" data-settings=\"{&quot;stretch_section&quot;:&quot;section-stretched&quot;}\">\n\t\t\t\t\t\t<div class=\"elementor-container elementor-column-gap-default\">\n\t\t\t\t\t<div class=\"elementor-column elementor-col-50 elementor-top-column elementor-element elementor-element-2f85ad3f\" data-id=\"2f85ad3f\" data-element_type=\"column\">\n\t\t\t<div class=\"elementor-widget-wrap elementor-element-populated\">\n\t\t\t\t\t\t<div class=\"elementor-element elementor-element-62600797 elementor-widget elementor-widget-heading\" data-id=\"62600797\" data-element_type=\"widget\" data-widget_type=\"heading.default\">\n\t\t\t\t<div class=\"elementor-widget-container\">\n\t\t\t\t\t<h2 class=\"elementor-heading-title elementor-size-default\">Nuestra Soluci\u00f3n<\/h2>\t\t\t\t<\/div>\n\t\t\t\t<\/div>\n\t\t\t\t<div class=\"elementor-element elementor-element-40f18986 elementor-widget elementor-widget-text-editor\" data-id=\"40f18986\" data-element_type=\"widget\" data-widget_type=\"text-editor.default\">\n\t\t\t\t<div class=\"elementor-widget-container\">\n\t\t\t\t\t\t\t\t\t<p>Los procesos de <b>despacho aduanal<\/b> son un campo minado legal. Los errores en la clasificaci\u00f3n arancelaria o la omisi\u00f3n de regulaciones como las <b>NOMs (Normas Oficiales Mexicanas)<\/b> resultan inevitablemente en multas, embargos y costosos retrasos para tu <b>comercio exterior<\/b>.<\/p><p><b><\/b>Nuestros <b>agentes aduanales certificados<\/b> ofrecen un servicio <b>\u00e1gil, confiable y totalmente apegado a la normatividad vigente<\/b>. Gestionamos el <b>despacho aduanal<\/b> en puertos, aeropuertos y fronteras estrat\u00e9gicas. Adem\u00e1s, ofrecemos la <b>asesor\u00eda y gesti\u00f3n completa de las Normas Oficiales Mexicanas (NOMs)<\/b>, asegurando tu <b>cumplimiento normativo<\/b> al 100%.<\/p>\t\t\t\t\t\t\t\t<\/div>\n\t\t\t\t<\/div>\n\t\t\t\t\t<\/div>\n\t\t<\/div>\n\t\t\t\t<div class=\"elementor-column elementor-col-50 elementor-top-column elementor-element elementor-element-7696ec2f\" data-id=\"7696ec2f\" data-element_type=\"column\" data-settings=\"{&quot;background_background&quot;:&quot;classic&quot;}\">\n\t\t\t<div class=\"elementor-widget-wrap\">\n\t\t\t\t\t\t\t<\/div>\n\t\t<\/div>\n\t\t\t\t\t<\/div>\n\t\t<\/section>\n\t\t\t\t<section class=\"elementor-section elementor-top-section elementor-element elementor-element-20005186 elementor-section-boxed elementor-section-height-default elementor-section-height-default\" data-id=\"20005186\" data-element_type=\"section\">\n\t\t\t\t\t\t<div class=\"elementor-container elementor-column-gap-default\">\n\t\t\t\t\t<div class=\"elementor-column elementor-col-100 elementor-top-column elementor-element elementor-element-6b47d33b\" data-id=\"6b47d33b\" data-element_type=\"column\">\n\t\t\t<div class=\"elementor-widget-wrap elementor-element-populated\">\n\t\t\t\t\t\t<div class=\"elementor-element elementor-element-f97d6ee elementor-widget elementor-widget-spacer\" data-id=\"f97d6ee\" data-element_type=\"widget\" data-widget_type=\"spacer.default\">\n\t\t\t\t<div class=\"elementor-widget-container\">\n\t\t\t\t\t\t\t<div class=\"elementor-spacer\">\n\t\t\t<div class=\"elementor-spacer-inner\"><\/div>\n\t\t<\/div>\n\t\t\t\t\t\t<\/div>\n\t\t\t\t<\/div>\n\t\t\t\t\t<\/div>\n\t\t<\/div>\n\t\t\t\t\t<\/div>\n\t\t<\/section>\n\t\t\t\t<section class=\"elementor-section elementor-top-section elementor-element elementor-element-5181fd74 elementor-section-stretched elementor-section-boxed elementor-section-height-default elementor-section-height-default\" data-id=\"5181fd74\" data-element_type=\"section\" data-settings=\"{&quot;stretch_section&quot;:&quot;section-stretched&quot;}\">\n\t\t\t\t\t\t<div class=\"elementor-container elementor-column-gap-default\">\n\t\t\t\t\t<div class=\"elementor-column elementor-col-50 elementor-top-column elementor-element elementor-element-318d4c55\" data-id=\"318d4c55\" data-element_type=\"column\" data-settings=\"{&quot;background_background&quot;:&quot;classic&quot;}\">\n\t\t\t<div class=\"elementor-widget-wrap elementor-element-populated\">\n\t\t\t\t\t\t<div class=\"elementor-element elementor-element-71b47159 elementor-widget elementor-widget-spacer\" data-id=\"71b47159\" data-element_type=\"widget\" data-widget_type=\"spacer.default\">\n\t\t\t\t<div class=\"elementor-widget-container\">\n\t\t\t\t\t\t\t<div class=\"elementor-spacer\">\n\t\t\t<div class=\"elementor-spacer-inner\"><\/div>\n\t\t<\/div>\n\t\t\t\t\t\t<\/div>\n\t\t\t\t<\/div>\n\t\t\t\t\t<\/div>\n\t\t<\/div>\n\t\t\t\t<div class=\"elementor-column elementor-col-50 elementor-top-column elementor-element elementor-element-4af471bc\" data-id=\"4af471bc\" data-element_type=\"column\">\n\t\t\t<div class=\"elementor-widget-wrap elementor-element-populated\">\n\t\t\t\t\t\t<div class=\"elementor-element elementor-element-54d095b6 elementor-widget elementor-widget-heading\" data-id=\"54d095b6\" data-element_type=\"widget\" data-widget_type=\"heading.default\">\n\t\t\t\t<div class=\"elementor-widget-container\">\n\t\t\t\t\t<h2 class=\"elementor-heading-title elementor-size-default\">Ventaja Competitiva<\/h2>\t\t\t\t<\/div>\n\t\t\t\t<\/div>\n\t\t\t\t<div class=\"elementor-element elementor-element-1dbd38e6 elementor-widget elementor-widget-text-editor\" data-id=\"1dbd38e6\" data-element_type=\"widget\" data-widget_type=\"text-editor.default\">\n\t\t\t\t<div class=\"elementor-widget-container\">\n\t\t\t\t\t\t\t\t\t<p><b>Agentes Aduanales Certificados y Proactivos:<\/b> M\u00e1xima seguridad jur\u00eddica al contar con un equipo de expertos que anticipa los requisitos aduaneros.<\/p><p><b>Gesti\u00f3n de NOMs Integral:<\/b> No solo identificamos la <b>NOM<\/b> aplicable, sino que gestionamos todo el proceso de certificaci\u00f3n y liberaci\u00f3n, simplificando tu <b>importaci\u00f3n a M\u00e9xico<\/b>.<\/p><p><b>Asesor\u00eda Regulatoria Preventiva:<\/b> Te mantenemos actualizado sobre los cambios en la <b>normatividad vigente<\/b> antes de que impacten tus operaciones, evitando sorpresas.<\/p><p><b>Despacho Aduanal \u00c1gil y Digitalizado:<\/b> Utilizamos tecnolog\u00eda para acelerar la presentaci\u00f3n de pedimentos y documentos, minimizando los tiempos de espera en la aduana.<\/p><p><b>Garant\u00eda de Cumplimiento:<\/b> Nuestro enfoque es asegurar que cada operaci\u00f3n de <b>comercio exterior<\/b> se realice bajo el marco legal exacto, blindando a tu empresa contra riesgos fiscales y operativos.<\/p>\t\t\t\t\t\t\t\t<\/div>\n\t\t\t\t<\/div>\n\t\t\t\t\t<\/div>\n\t\t<\/div>\n\t\t\t\t\t<\/div>\n\t\t<\/section>\n\t\t\t\t<\/div>","protected":false},"excerpt":{"rendered":"<p>Agencia Aduanal y Cumplimiento Normativo \u00a1Asegurando rapidez y cumplimiento aduanal!&hellip;<\/p>\n<p> <a class=\"more-link\" href=\"https:\/\/terralink-fordwarding.com\/es\/agencia-aduanal-y-cumplimiento-normativo\/\">Leer m\u00e1s<\/a><\/p>","protected":false},"author":1,"featured_media":14,"parent":0,"menu_order":0,"comment_status":"closed","ping_status":"closed","template":"","meta":{"footnotes":""},"class_list":["post-133","page","type-page","status-publish","has-post-thumbnail"],"yoast_head":"<!-- This site is optimized with the Yoast SEO plugin v26.6 - https:\/\/yoast.com\/wordpress\/plugins\/seo\/ -->\n<title>Agencia Aduanal y Cumplimiento Normativo - Terralink Forwarding<\/title>\n<meta name=\"description\" content=\"Regulaciones como las NOMs (Normas Oficiales Mexicanas)\" \/>\n<meta name=\"robots\" content=\"index, follow, max-snippet:-1, max-image-preview:large, max-video-preview:-1\" \/>\n<link rel=\"canonical\" href=\"https:\/\/terralink-fordwarding.com\/es\/agencia-aduanal-y-cumplimiento-normativo\/\" \/>\n<meta property=\"og:locale\" content=\"es_MX\" \/>\n<meta property=\"og:type\" content=\"article\" \/>\n<meta property=\"og:title\" content=\"Agencia Aduanal y Cumplimiento Normativo - Terralink Forwarding\" \/>\n<meta property=\"og:description\" content=\"Regulaciones como las NOMs (Normas Oficiales Mexicanas)\" \/>\n<meta property=\"og:url\" content=\"https:\/\/terralink-fordwarding.com\/es\/agencia-aduanal-y-cumplimiento-normativo\/\" \/>\n<meta property=\"og:site_name\" content=\"Terralink Forwarding\" \/>\n<meta property=\"article:modified_time\" content=\"2025-11-03T00:56:44+00:00\" \/>\n<meta property=\"og:image\" content=\"https:\/\/terralink-fordwarding.com\/wp-content\/uploads\/2025\/11\/terralink-forwarding-0001.png\" \/>\n\t<meta property=\"og:image:width\" content=\"2157\" \/>\n\t<meta property=\"og:image:height\" content=\"648\" \/>\n\t<meta property=\"og:image:type\" content=\"image\/png\" \/>\n<meta name=\"twitter:card\" content=\"summary_large_image\" \/>\n<meta name=\"twitter:label1\" content=\"Tiempo de lectura\" \/>\n\t<meta name=\"twitter:data1\" content=\"1 minuto\" \/>\n<script type=\"application\/ld+json\" class=\"yoast-schema-graph\">{\"@context\":\"https:\/\/schema.org\",\"@graph\":[{\"@type\":\"WebPage\",\"@id\":\"https:\/\/terralink-fordwarding.com\/agencia-aduanal-y-cumplimiento-normativo\/\",\"url\":\"https:\/\/terralink-fordwarding.com\/agencia-aduanal-y-cumplimiento-normativo\/\",\"name\":\"Agencia Aduanal y Cumplimiento Normativo - Terralink Forwarding\",\"isPartOf\":{\"@id\":\"https:\/\/terralink-fordwarding.com\/#website\"},\"primaryImageOfPage\":{\"@id\":\"https:\/\/terralink-fordwarding.com\/agencia-aduanal-y-cumplimiento-normativo\/#primaryimage\"},\"image\":{\"@id\":\"https:\/\/terralink-fordwarding.com\/agencia-aduanal-y-cumplimiento-normativo\/#primaryimage\"},\"thumbnailUrl\":\"https:\/\/terralink-fordwarding.com\/wp-content\/uploads\/2025\/11\/terralink-forwarding-0001.png\",\"datePublished\":\"2025-11-03T00:54:33+00:00\",\"dateModified\":\"2025-11-03T00:56:44+00:00\",\"description\":\"Regulaciones como las NOMs (Normas Oficiales Mexicanas)\",\"breadcrumb\":{\"@id\":\"https:\/\/terralink-fordwarding.com\/agencia-aduanal-y-cumplimiento-normativo\/#breadcrumb\"},\"inLanguage\":\"es\",\"potentialAction\":[{\"@type\":\"ReadAction\",\"target\":[\"https:\/\/terralink-fordwarding.com\/agencia-aduanal-y-cumplimiento-normativo\/\"]}]},{\"@type\":\"ImageObject\",\"inLanguage\":\"es\",\"@id\":\"https:\/\/terralink-fordwarding.com\/agencia-aduanal-y-cumplimiento-normativo\/#primaryimage\",\"url\":\"https:\/\/terralink-fordwarding.com\/wp-content\/uploads\/2025\/11\/terralink-forwarding-0001.png\",\"contentUrl\":\"https:\/\/terralink-fordwarding.com\/wp-content\/uploads\/2025\/11\/terralink-forwarding-0001.png\",\"width\":2157,\"height\":648},{\"@type\":\"BreadcrumbList\",\"@id\":\"https:\/\/terralink-fordwarding.com\/agencia-aduanal-y-cumplimiento-normativo\/#breadcrumb\",\"itemListElement\":[{\"@type\":\"ListItem\",\"position\":1,\"name\":\"Home\",\"item\":\"https:\/\/terralink-fordwarding.com\/\"},{\"@type\":\"ListItem\",\"position\":2,\"name\":\"Agencia Aduanal y Cumplimiento Normativo\"}]},{\"@type\":\"WebSite\",\"@id\":\"https:\/\/terralink-fordwarding.com\/#website\",\"url\":\"https:\/\/terralink-fordwarding.com\/\",\"name\":\"Terralink Forwarding\",\"description\":\"Log&iacute;stica Integral y Despacho Aduanal en M&eacute;xico: Tu V&iacute;nculo con el Comercio Global.\",\"publisher\":{\"@id\":\"https:\/\/terralink-fordwarding.com\/#organization\"},\"potentialAction\":[{\"@type\":\"SearchAction\",\"target\":{\"@type\":\"EntryPoint\",\"urlTemplate\":\"https:\/\/terralink-fordwarding.com\/?s={search_term_string}\"},\"query-input\":{\"@type\":\"PropertyValueSpecification\",\"valueRequired\":true,\"valueName\":\"search_term_string\"}}],\"inLanguage\":\"es\"},{\"@type\":\"Organization\",\"@id\":\"https:\/\/terralink-fordwarding.com\/#organization\",\"name\":\"Terralink Forwarding\",\"url\":\"https:\/\/terralink-fordwarding.com\/\",\"logo\":{\"@type\":\"ImageObject\",\"inLanguage\":\"es\",\"@id\":\"https:\/\/terralink-fordwarding.com\/#\/schema\/logo\/image\/\",\"url\":\"https:\/\/terralink-fordwarding.com\/wp-content\/uploads\/2025\/11\/terralink-forwarding-0001.png\",\"contentUrl\":\"https:\/\/terralink-fordwarding.com\/wp-content\/uploads\/2025\/11\/terralink-forwarding-0001.png\",\"width\":2157,\"height\":648,\"caption\":\"Terralink Forwarding\"},\"image\":{\"@id\":\"https:\/\/terralink-fordwarding.com\/#\/schema\/logo\/image\/\"}}]}<\/script>\n<!-- \/ Yoast SEO plugin. -->","yoast_head_json":{"title":"Agencia Aduanal y Cumplimiento Normativo - Terralink Forwarding","description":"Regulaciones como las NOMs (Normas Oficiales Mexicanas)","robots":{"index":"index","follow":"follow","max-snippet":"max-snippet:-1","max-image-preview":"max-image-preview:large","max-video-preview":"max-video-preview:-1"},"canonical":"https:\/\/terralink-fordwarding.com\/es\/agencia-aduanal-y-cumplimiento-normativo\/","og_locale":"es_MX","og_type":"article","og_title":"Agencia Aduanal y Cumplimiento Normativo - Terralink Forwarding","og_description":"Regulaciones como las NOMs (Normas Oficiales Mexicanas)","og_url":"https:\/\/terralink-fordwarding.com\/es\/agencia-aduanal-y-cumplimiento-normativo\/","og_site_name":"Terralink Forwarding","article_modified_time":"2025-11-03T00:56:44+00:00","og_image":[{"width":2157,"height":648,"url":"https:\/\/terralink-fordwarding.com\/wp-content\/uploads\/2025\/11\/terralink-forwarding-0001.png","type":"image\/png"}],"twitter_card":"summary_large_image","twitter_misc":{"Tiempo de lectura":"1 minuto"},"schema":{"@context":"https:\/\/schema.org","@graph":[{"@type":"WebPage","@id":"https:\/\/terralink-fordwarding.com\/agencia-aduanal-y-cumplimiento-normativo\/","url":"https:\/\/terralink-fordwarding.com\/agencia-aduanal-y-cumplimiento-normativo\/","name":"Agencia Aduanal y Cumplimiento Normativo - Terralink Forwarding","isPartOf":{"@id":"https:\/\/terralink-fordwarding.com\/#website"},"primaryImageOfPage":{"@id":"https:\/\/terralink-fordwarding.com\/agencia-aduanal-y-cumplimiento-normativo\/#primaryimage"},"image":{"@id":"https:\/\/terralink-fordwarding.com\/agencia-aduanal-y-cumplimiento-normativo\/#primaryimage"},"thumbnailUrl":"https:\/\/terralink-fordwarding.com\/wp-content\/uploads\/2025\/11\/terralink-forwarding-0001.png","datePublished":"2025-11-03T00:54:33+00:00","dateModified":"2025-11-03T00:56:44+00:00","description":"Regulaciones como las NOMs (Normas Oficiales Mexicanas)","breadcrumb":{"@id":"https:\/\/terralink-fordwarding.com\/agencia-aduanal-y-cumplimiento-normativo\/#breadcrumb"},"inLanguage":"es","potentialAction":[{"@type":"ReadAction","target":["https:\/\/terralink-fordwarding.com\/agencia-aduanal-y-cumplimiento-normativo\/"]}]},{"@type":"ImageObject","inLanguage":"es","@id":"https:\/\/terralink-fordwarding.com\/agencia-aduanal-y-cumplimiento-normativo\/#primaryimage","url":"https:\/\/terralink-fordwarding.com\/wp-content\/uploads\/2025\/11\/terralink-forwarding-0001.png","contentUrl":"https:\/\/terralink-fordwarding.com\/wp-content\/uploads\/2025\/11\/terralink-forwarding-0001.png","width":2157,"height":648},{"@type":"BreadcrumbList","@id":"https:\/\/terralink-fordwarding.com\/agencia-aduanal-y-cumplimiento-normativo\/#breadcrumb","itemListElement":[{"@type":"ListItem","position":1,"name":"Home","item":"https:\/\/terralink-fordwarding.com\/"},{"@type":"ListItem","position":2,"name":"Agencia Aduanal y Cumplimiento Normativo"}]},{"@type":"WebSite","@id":"https:\/\/terralink-fordwarding.com\/#website","url":"https:\/\/terralink-fordwarding.com\/","name":"Terralink Forwarding","description":"Log&iacute;stica Integral y Despacho Aduanal en M&eacute;xico: Tu V&iacute;nculo con el Comercio Global.","publisher":{"@id":"https:\/\/terralink-fordwarding.com\/#organization"},"potentialAction":[{"@type":"SearchAction","target":{"@type":"EntryPoint","urlTemplate":"https:\/\/terralink-fordwarding.com\/?s={search_term_string}"},"query-input":{"@type":"PropertyValueSpecification","valueRequired":true,"valueName":"search_term_string"}}],"inLanguage":"es"},{"@type":"Organization","@id":"https:\/\/terralink-fordwarding.com\/#organization","name":"Terralink Forwarding","url":"https:\/\/terralink-fordwarding.com\/","logo":{"@type":"ImageObject","inLanguage":"es","@id":"https:\/\/terralink-fordwarding.com\/#\/schema\/logo\/image\/","url":"https:\/\/terralink-fordwarding.com\/wp-content\/uploads\/2025\/11\/terralink-forwarding-0001.png","contentUrl":"https:\/\/terralink-fordwarding.com\/wp-content\/uploads\/2025\/11\/terralink-forwarding-0001.png","width":2157,"height":648,"caption":"Terralink Forwarding"},"image":{"@id":"https:\/\/terralink-fordwarding.com\/#\/schema\/logo\/image\/"}}]}},"_links":{"self":[{"href":"https:\/\/terralink-fordwarding.com\/es\/wp-json\/wp\/v2\/pages\/133","targetHints":{"allow":["GET"]}}],"collection":[{"href":"https:\/\/terralink-fordwarding.com\/es\/wp-json\/wp\/v2\/pages"}],"about":[{"href":"https:\/\/terralink-fordwarding.com\/es\/wp-json\/wp\/v2\/types\/page"}],"author":[{"embeddable":true,"href":"https:\/\/terralink-fordwarding.com\/es\/wp-json\/wp\/v2\/users\/1"}],"replies":[{"embeddable":true,"href":"https:\/\/terralink-fordwarding.com\/es\/wp-json\/wp\/v2\/comments?post=133"}],"version-history":[{"count":4,"href":"https:\/\/terralink-fordwarding.com\/es\/wp-json\/wp\/v2\/pages\/133\/revisions"}],"predecessor-version":[{"id":138,"href":"https:\/\/terralink-fordwarding.com\/es\/wp-json\/wp\/v2\/pages\/133\/revisions\/138"}],"wp:featuredmedia":[{"embeddable":true,"href":"https:\/\/terralink-fordwarding.com\/es\/wp-json\/wp\/v2\/media\/14"}],"wp:attachment":[{"href":"https:\/\/terralink-fordwarding.com\/es\/wp-json\/wp\/v2\/media?parent=133"}],"curies":[{"name":"wp","href":"https:\/\/api.w.org\/{rel}","templated":true}]}}