{"id":127,"date":"2025-11-03T00:51:07","date_gmt":"2025-11-03T00:51:07","guid":{"rendered":"https:\/\/terralink-fordwarding.com\/?page_id=127"},"modified":"2025-11-03T00:53:10","modified_gmt":"2025-11-03T00:53:10","slug":"transporte-terrestre","status":"publish","type":"page","link":"https:\/\/terralink-fordwarding.com\/es\/transporte-terrestre\/","title":{"rendered":"Transporte Terrestre"},"content":{"rendered":"<div data-elementor-type=\"wp-page\" data-elementor-id=\"127\" class=\"elementor elementor-127\" data-elementor-post-type=\"page\">\n\t\t\t\t\t\t<section class=\"elementor-section elementor-top-section elementor-element elementor-element-56095f2d elementor-section-height-min-height elementor-section-stretched elementor-section-boxed elementor-section-height-default elementor-section-items-middle\" data-id=\"56095f2d\" data-element_type=\"section\" data-settings=\"{&quot;stretch_section&quot;:&quot;section-stretched&quot;,&quot;background_background&quot;:&quot;classic&quot;}\">\n\t\t\t\t\t\t\t<div class=\"elementor-background-overlay\"><\/div>\n\t\t\t\t\t\t\t<div class=\"elementor-container elementor-column-gap-default\">\n\t\t\t\t\t<div class=\"elementor-column elementor-col-50 elementor-top-column elementor-element elementor-element-3a698c8d\" data-id=\"3a698c8d\" data-element_type=\"column\">\n\t\t\t<div class=\"elementor-widget-wrap elementor-element-populated\">\n\t\t\t\t\t\t<div class=\"elementor-element elementor-element-5e0b0997 elementor-widget elementor-widget-heading\" data-id=\"5e0b0997\" data-element_type=\"widget\" data-widget_type=\"heading.default\">\n\t\t\t\t<div class=\"elementor-widget-container\">\n\t\t\t\t\t<h2 class=\"elementor-heading-title elementor-size-default\">Transporte Terrestre<\/h2>\t\t\t\t<\/div>\n\t\t\t\t<\/div>\n\t\t\t\t<div class=\"elementor-element elementor-element-c9b0019 elementor-widget elementor-widget-heading\" data-id=\"c9b0019\" data-element_type=\"widget\" data-widget_type=\"heading.default\">\n\t\t\t\t<div class=\"elementor-widget-container\">\n\t\t\t\t\t<h2 class=\"elementor-heading-title elementor-size-default\">\u00a1Asegurando rapidez y cumplimiento aduanal!<\/h2>\t\t\t\t<\/div>\n\t\t\t\t<\/div>\n\t\t\t\t\t<\/div>\n\t\t<\/div>\n\t\t\t\t<div class=\"elementor-column elementor-col-50 elementor-top-column elementor-element elementor-element-167ff17c\" data-id=\"167ff17c\" data-element_type=\"column\">\n\t\t\t<div class=\"elementor-widget-wrap\">\n\t\t\t\t\t\t\t<\/div>\n\t\t<\/div>\n\t\t\t\t\t<\/div>\n\t\t<\/section>\n\t\t\t\t<section class=\"elementor-section elementor-top-section elementor-element elementor-element-42c7bc1d elementor-section-boxed elementor-section-height-default elementor-section-height-default\" data-id=\"42c7bc1d\" data-element_type=\"section\">\n\t\t\t\t\t\t<div class=\"elementor-container elementor-column-gap-default\">\n\t\t\t\t\t<div class=\"elementor-column elementor-col-100 elementor-top-column elementor-element elementor-element-294989a8\" data-id=\"294989a8\" data-element_type=\"column\">\n\t\t\t<div class=\"elementor-widget-wrap elementor-element-populated\">\n\t\t\t\t\t\t<div class=\"elementor-element elementor-element-4ab5f45 elementor-widget elementor-widget-spacer\" data-id=\"4ab5f45\" data-element_type=\"widget\" data-widget_type=\"spacer.default\">\n\t\t\t\t<div class=\"elementor-widget-container\">\n\t\t\t\t\t\t\t<div class=\"elementor-spacer\">\n\t\t\t<div class=\"elementor-spacer-inner\"><\/div>\n\t\t<\/div>\n\t\t\t\t\t\t<\/div>\n\t\t\t\t<\/div>\n\t\t\t\t\t<\/div>\n\t\t<\/div>\n\t\t\t\t\t<\/div>\n\t\t<\/section>\n\t\t\t\t<section class=\"elementor-section elementor-top-section elementor-element elementor-element-a00f99e elementor-section-stretched elementor-section-boxed elementor-section-height-default elementor-section-height-default\" data-id=\"a00f99e\" data-element_type=\"section\" data-settings=\"{&quot;stretch_section&quot;:&quot;section-stretched&quot;}\">\n\t\t\t\t\t\t<div class=\"elementor-container elementor-column-gap-default\">\n\t\t\t\t\t<div class=\"elementor-column elementor-col-50 elementor-top-column elementor-element elementor-element-2725dfef\" data-id=\"2725dfef\" data-element_type=\"column\">\n\t\t\t<div class=\"elementor-widget-wrap elementor-element-populated\">\n\t\t\t\t\t\t<div class=\"elementor-element elementor-element-65dd3624 elementor-widget elementor-widget-heading\" data-id=\"65dd3624\" data-element_type=\"widget\" data-widget_type=\"heading.default\">\n\t\t\t\t<div class=\"elementor-widget-container\">\n\t\t\t\t\t<h2 class=\"elementor-heading-title elementor-size-default\">Nuestra Soluci\u00f3n<\/h2>\t\t\t\t<\/div>\n\t\t\t\t<\/div>\n\t\t\t\t<div class=\"elementor-element elementor-element-19b599e0 elementor-widget elementor-widget-text-editor\" data-id=\"19b599e0\" data-element_type=\"widget\" data-widget_type=\"text-editor.default\">\n\t\t\t\t<div class=\"elementor-widget-container\">\n\t\t\t\t\t\t\t\t\t<p>El traslado de mercanc\u00eda dentro del territorio nacional o a trav\u00e9s de <b>coberturas fronterizas<\/b> es vulnerable a problemas de seguridad y a la falta de <b>trazabilidad<\/b>. El riesgo de p\u00e9rdida o retraso impacta directamente en tu promesa de valor al cliente.<\/p><p>Coordinamos <b>transporte terrestre nacional e internacional<\/b> utilizando una <b>flota certificada<\/b> con los m\u00e1s altos est\u00e1ndares de seguridad. Implementamos <b>sistemas de rastreo satelital<\/b> avanzado en todas nuestras unidades. Ofrecemos soluciones integrales para <b>transporte intermodal<\/b>, de carga general y mercanc\u00eda especializada.<\/p>\t\t\t\t\t\t\t\t<\/div>\n\t\t\t\t<\/div>\n\t\t\t\t\t<\/div>\n\t\t<\/div>\n\t\t\t\t<div class=\"elementor-column elementor-col-50 elementor-top-column elementor-element elementor-element-55d0b140\" data-id=\"55d0b140\" data-element_type=\"column\" data-settings=\"{&quot;background_background&quot;:&quot;classic&quot;}\">\n\t\t\t<div class=\"elementor-widget-wrap\">\n\t\t\t\t\t\t\t<\/div>\n\t\t<\/div>\n\t\t\t\t\t<\/div>\n\t\t<\/section>\n\t\t\t\t<section class=\"elementor-section elementor-top-section elementor-element elementor-element-5766b91a elementor-section-boxed elementor-section-height-default elementor-section-height-default\" data-id=\"5766b91a\" data-element_type=\"section\">\n\t\t\t\t\t\t<div class=\"elementor-container elementor-column-gap-default\">\n\t\t\t\t\t<div class=\"elementor-column elementor-col-100 elementor-top-column elementor-element elementor-element-50cdcff0\" data-id=\"50cdcff0\" data-element_type=\"column\">\n\t\t\t<div class=\"elementor-widget-wrap elementor-element-populated\">\n\t\t\t\t\t\t<div class=\"elementor-element elementor-element-2c2ef45 elementor-widget elementor-widget-spacer\" data-id=\"2c2ef45\" data-element_type=\"widget\" data-widget_type=\"spacer.default\">\n\t\t\t\t<div class=\"elementor-widget-container\">\n\t\t\t\t\t\t\t<div class=\"elementor-spacer\">\n\t\t\t<div class=\"elementor-spacer-inner\"><\/div>\n\t\t<\/div>\n\t\t\t\t\t\t<\/div>\n\t\t\t\t<\/div>\n\t\t\t\t\t<\/div>\n\t\t<\/div>\n\t\t\t\t\t<\/div>\n\t\t<\/section>\n\t\t\t\t<section class=\"elementor-section elementor-top-section elementor-element elementor-element-419645d3 elementor-section-stretched elementor-section-boxed elementor-section-height-default elementor-section-height-default\" data-id=\"419645d3\" data-element_type=\"section\" data-settings=\"{&quot;stretch_section&quot;:&quot;section-stretched&quot;}\">\n\t\t\t\t\t\t<div class=\"elementor-container elementor-column-gap-default\">\n\t\t\t\t\t<div class=\"elementor-column elementor-col-50 elementor-top-column elementor-element elementor-element-5751b676\" data-id=\"5751b676\" data-element_type=\"column\" data-settings=\"{&quot;background_background&quot;:&quot;classic&quot;}\">\n\t\t\t<div class=\"elementor-widget-wrap elementor-element-populated\">\n\t\t\t\t\t\t<div class=\"elementor-element elementor-element-6ca384d2 elementor-widget elementor-widget-spacer\" data-id=\"6ca384d2\" data-element_type=\"widget\" data-widget_type=\"spacer.default\">\n\t\t\t\t<div class=\"elementor-widget-container\">\n\t\t\t\t\t\t\t<div class=\"elementor-spacer\">\n\t\t\t<div class=\"elementor-spacer-inner\"><\/div>\n\t\t<\/div>\n\t\t\t\t\t\t<\/div>\n\t\t\t\t<\/div>\n\t\t\t\t\t<\/div>\n\t\t<\/div>\n\t\t\t\t<div class=\"elementor-column elementor-col-50 elementor-top-column elementor-element elementor-element-f94ac76\" data-id=\"f94ac76\" data-element_type=\"column\">\n\t\t\t<div class=\"elementor-widget-wrap elementor-element-populated\">\n\t\t\t\t\t\t<div class=\"elementor-element elementor-element-74509620 elementor-widget elementor-widget-heading\" data-id=\"74509620\" data-element_type=\"widget\" data-widget_type=\"heading.default\">\n\t\t\t\t<div class=\"elementor-widget-container\">\n\t\t\t\t\t<h2 class=\"elementor-heading-title elementor-size-default\">Ventaja Competitiva<\/h2>\t\t\t\t<\/div>\n\t\t\t\t<\/div>\n\t\t\t\t<div class=\"elementor-element elementor-element-247705c4 elementor-widget elementor-widget-text-editor\" data-id=\"247705c4\" data-element_type=\"widget\" data-widget_type=\"text-editor.default\">\n\t\t\t\t<div class=\"elementor-widget-container\">\n\t\t\t\t\t\t\t\t\t<p><b>Rastreo Satelital Avanzado en Tiempo Real:<\/b> Ofrecemos una capa de seguridad superior con monitoreo constante de la ubicaci\u00f3n, brind\u00e1ndote total tranquilidad.<\/p><p><b>Flota y Proveedores Certificados:<\/b> Trabajamos exclusivamente con transportistas que cumplen rigurosamente con certificaciones de seguridad, minimizando riesgos operativos.<\/p><p><b>Expertos en Cobertura Fronteriza:<\/b> Nuestro conocimiento especializado en tr\u00e1mites y regulaciones fronterizas acelera los cruces, reduciendo los tiempos de espera en puntos clave.<\/p><p><b>Soluciones Intermodales:<\/b> Simplificamos la log\u00edstica combinada (ej. tren y cami\u00f3n), ofreci\u00e9ndote una \u00fanica fuente de coordinaci\u00f3n y facturaci\u00f3n.<\/p><p><b>Manejo de Carga Especializada:<\/b> Tenemos la capacidad y el equipo necesario para el transporte de mercanc\u00edas con requerimientos \u00fanicos, desde productos perecederos hasta carga sobredimensionada.<\/p>\t\t\t\t\t\t\t\t<\/div>\n\t\t\t\t<\/div>\n\t\t\t\t\t<\/div>\n\t\t<\/div>\n\t\t\t\t\t<\/div>\n\t\t<\/section>\n\t\t\t\t<\/div>","protected":false},"excerpt":{"rendered":"<p>Transporte Terrestre \u00a1Asegurando rapidez y cumplimiento aduanal! Nuestra Soluci\u00f3n El&hellip;<\/p>\n<p> <a class=\"more-link\" href=\"https:\/\/terralink-fordwarding.com\/es\/transporte-terrestre\/\">Leer m\u00e1s<\/a><\/p>","protected":false},"author":1,"featured_media":14,"parent":0,"menu_order":0,"comment_status":"closed","ping_status":"closed","template":"","meta":{"footnotes":""},"class_list":["post-127","page","type-page","status-publish","has-post-thumbnail"],"yoast_head":"<!-- This site is optimized with the Yoast SEO plugin v26.6 - https:\/\/yoast.com\/wordpress\/plugins\/seo\/ -->\n<title>Transporte Terrestre - Terralink Forwarding<\/title>\n<meta name=\"description\" content=\"Traslado de mercanc\u00eda dentro del territorio nacional\" \/>\n<meta name=\"robots\" content=\"index, follow, max-snippet:-1, max-image-preview:large, max-video-preview:-1\" \/>\n<link rel=\"canonical\" href=\"https:\/\/terralink-fordwarding.com\/es\/transporte-terrestre\/\" \/>\n<meta property=\"og:locale\" content=\"es_MX\" \/>\n<meta property=\"og:type\" content=\"article\" \/>\n<meta property=\"og:title\" content=\"Transporte Terrestre - Terralink Forwarding\" \/>\n<meta property=\"og:description\" content=\"Traslado de mercanc\u00eda dentro del territorio nacional\" \/>\n<meta property=\"og:url\" content=\"https:\/\/terralink-fordwarding.com\/es\/transporte-terrestre\/\" \/>\n<meta property=\"og:site_name\" content=\"Terralink Forwarding\" \/>\n<meta property=\"article:modified_time\" content=\"2025-11-03T00:53:10+00:00\" \/>\n<meta property=\"og:image\" content=\"https:\/\/terralink-fordwarding.com\/wp-content\/uploads\/2025\/11\/terralink-forwarding-0001.png\" \/>\n\t<meta property=\"og:image:width\" content=\"2157\" \/>\n\t<meta property=\"og:image:height\" content=\"648\" \/>\n\t<meta property=\"og:image:type\" content=\"image\/png\" \/>\n<meta name=\"twitter:card\" content=\"summary_large_image\" \/>\n<meta name=\"twitter:label1\" content=\"Tiempo de lectura\" \/>\n\t<meta name=\"twitter:data1\" content=\"1 minuto\" \/>\n<script type=\"application\/ld+json\" class=\"yoast-schema-graph\">{\"@context\":\"https:\/\/schema.org\",\"@graph\":[{\"@type\":\"WebPage\",\"@id\":\"https:\/\/terralink-fordwarding.com\/transporte-terrestre\/\",\"url\":\"https:\/\/terralink-fordwarding.com\/transporte-terrestre\/\",\"name\":\"Transporte Terrestre - Terralink Forwarding\",\"isPartOf\":{\"@id\":\"https:\/\/terralink-fordwarding.com\/#website\"},\"primaryImageOfPage\":{\"@id\":\"https:\/\/terralink-fordwarding.com\/transporte-terrestre\/#primaryimage\"},\"image\":{\"@id\":\"https:\/\/terralink-fordwarding.com\/transporte-terrestre\/#primaryimage\"},\"thumbnailUrl\":\"https:\/\/terralink-fordwarding.com\/wp-content\/uploads\/2025\/11\/terralink-forwarding-0001.png\",\"datePublished\":\"2025-11-03T00:51:07+00:00\",\"dateModified\":\"2025-11-03T00:53:10+00:00\",\"description\":\"Traslado de mercanc\u00eda dentro del territorio nacional\",\"breadcrumb\":{\"@id\":\"https:\/\/terralink-fordwarding.com\/transporte-terrestre\/#breadcrumb\"},\"inLanguage\":\"es\",\"potentialAction\":[{\"@type\":\"ReadAction\",\"target\":[\"https:\/\/terralink-fordwarding.com\/transporte-terrestre\/\"]}]},{\"@type\":\"ImageObject\",\"inLanguage\":\"es\",\"@id\":\"https:\/\/terralink-fordwarding.com\/transporte-terrestre\/#primaryimage\",\"url\":\"https:\/\/terralink-fordwarding.com\/wp-content\/uploads\/2025\/11\/terralink-forwarding-0001.png\",\"contentUrl\":\"https:\/\/terralink-fordwarding.com\/wp-content\/uploads\/2025\/11\/terralink-forwarding-0001.png\",\"width\":2157,\"height\":648},{\"@type\":\"BreadcrumbList\",\"@id\":\"https:\/\/terralink-fordwarding.com\/transporte-terrestre\/#breadcrumb\",\"itemListElement\":[{\"@type\":\"ListItem\",\"position\":1,\"name\":\"Home\",\"item\":\"https:\/\/terralink-fordwarding.com\/\"},{\"@type\":\"ListItem\",\"position\":2,\"name\":\"Transporte Terrestre\"}]},{\"@type\":\"WebSite\",\"@id\":\"https:\/\/terralink-fordwarding.com\/#website\",\"url\":\"https:\/\/terralink-fordwarding.com\/\",\"name\":\"Terralink Forwarding\",\"description\":\"Log&iacute;stica Integral y Despacho Aduanal en M&eacute;xico: Tu V&iacute;nculo con el Comercio Global.\",\"publisher\":{\"@id\":\"https:\/\/terralink-fordwarding.com\/#organization\"},\"potentialAction\":[{\"@type\":\"SearchAction\",\"target\":{\"@type\":\"EntryPoint\",\"urlTemplate\":\"https:\/\/terralink-fordwarding.com\/?s={search_term_string}\"},\"query-input\":{\"@type\":\"PropertyValueSpecification\",\"valueRequired\":true,\"valueName\":\"search_term_string\"}}],\"inLanguage\":\"es\"},{\"@type\":\"Organization\",\"@id\":\"https:\/\/terralink-fordwarding.com\/#organization\",\"name\":\"Terralink Forwarding\",\"url\":\"https:\/\/terralink-fordwarding.com\/\",\"logo\":{\"@type\":\"ImageObject\",\"inLanguage\":\"es\",\"@id\":\"https:\/\/terralink-fordwarding.com\/#\/schema\/logo\/image\/\",\"url\":\"https:\/\/terralink-fordwarding.com\/wp-content\/uploads\/2025\/11\/terralink-forwarding-0001.png\",\"contentUrl\":\"https:\/\/terralink-fordwarding.com\/wp-content\/uploads\/2025\/11\/terralink-forwarding-0001.png\",\"width\":2157,\"height\":648,\"caption\":\"Terralink Forwarding\"},\"image\":{\"@id\":\"https:\/\/terralink-fordwarding.com\/#\/schema\/logo\/image\/\"}}]}<\/script>\n<!-- \/ Yoast SEO plugin. -->","yoast_head_json":{"title":"Transporte Terrestre - Terralink Forwarding","description":"Traslado de mercanc\u00eda dentro del territorio nacional","robots":{"index":"index","follow":"follow","max-snippet":"max-snippet:-1","max-image-preview":"max-image-preview:large","max-video-preview":"max-video-preview:-1"},"canonical":"https:\/\/terralink-fordwarding.com\/es\/transporte-terrestre\/","og_locale":"es_MX","og_type":"article","og_title":"Transporte Terrestre - Terralink Forwarding","og_description":"Traslado de mercanc\u00eda dentro del territorio nacional","og_url":"https:\/\/terralink-fordwarding.com\/es\/transporte-terrestre\/","og_site_name":"Terralink Forwarding","article_modified_time":"2025-11-03T00:53:10+00:00","og_image":[{"width":2157,"height":648,"url":"https:\/\/terralink-fordwarding.com\/wp-content\/uploads\/2025\/11\/terralink-forwarding-0001.png","type":"image\/png"}],"twitter_card":"summary_large_image","twitter_misc":{"Tiempo de lectura":"1 minuto"},"schema":{"@context":"https:\/\/schema.org","@graph":[{"@type":"WebPage","@id":"https:\/\/terralink-fordwarding.com\/transporte-terrestre\/","url":"https:\/\/terralink-fordwarding.com\/transporte-terrestre\/","name":"Transporte Terrestre - Terralink Forwarding","isPartOf":{"@id":"https:\/\/terralink-fordwarding.com\/#website"},"primaryImageOfPage":{"@id":"https:\/\/terralink-fordwarding.com\/transporte-terrestre\/#primaryimage"},"image":{"@id":"https:\/\/terralink-fordwarding.com\/transporte-terrestre\/#primaryimage"},"thumbnailUrl":"https:\/\/terralink-fordwarding.com\/wp-content\/uploads\/2025\/11\/terralink-forwarding-0001.png","datePublished":"2025-11-03T00:51:07+00:00","dateModified":"2025-11-03T00:53:10+00:00","description":"Traslado de mercanc\u00eda dentro del territorio nacional","breadcrumb":{"@id":"https:\/\/terralink-fordwarding.com\/transporte-terrestre\/#breadcrumb"},"inLanguage":"es","potentialAction":[{"@type":"ReadAction","target":["https:\/\/terralink-fordwarding.com\/transporte-terrestre\/"]}]},{"@type":"ImageObject","inLanguage":"es","@id":"https:\/\/terralink-fordwarding.com\/transporte-terrestre\/#primaryimage","url":"https:\/\/terralink-fordwarding.com\/wp-content\/uploads\/2025\/11\/terralink-forwarding-0001.png","contentUrl":"https:\/\/terralink-fordwarding.com\/wp-content\/uploads\/2025\/11\/terralink-forwarding-0001.png","width":2157,"height":648},{"@type":"BreadcrumbList","@id":"https:\/\/terralink-fordwarding.com\/transporte-terrestre\/#breadcrumb","itemListElement":[{"@type":"ListItem","position":1,"name":"Home","item":"https:\/\/terralink-fordwarding.com\/"},{"@type":"ListItem","position":2,"name":"Transporte Terrestre"}]},{"@type":"WebSite","@id":"https:\/\/terralink-fordwarding.com\/#website","url":"https:\/\/terralink-fordwarding.com\/","name":"Terralink Forwarding","description":"Log&iacute;stica Integral y Despacho Aduanal en M&eacute;xico: Tu V&iacute;nculo con el Comercio Global.","publisher":{"@id":"https:\/\/terralink-fordwarding.com\/#organization"},"potentialAction":[{"@type":"SearchAction","target":{"@type":"EntryPoint","urlTemplate":"https:\/\/terralink-fordwarding.com\/?s={search_term_string}"},"query-input":{"@type":"PropertyValueSpecification","valueRequired":true,"valueName":"search_term_string"}}],"inLanguage":"es"},{"@type":"Organization","@id":"https:\/\/terralink-fordwarding.com\/#organization","name":"Terralink Forwarding","url":"https:\/\/terralink-fordwarding.com\/","logo":{"@type":"ImageObject","inLanguage":"es","@id":"https:\/\/terralink-fordwarding.com\/#\/schema\/logo\/image\/","url":"https:\/\/terralink-fordwarding.com\/wp-content\/uploads\/2025\/11\/terralink-forwarding-0001.png","contentUrl":"https:\/\/terralink-fordwarding.com\/wp-content\/uploads\/2025\/11\/terralink-forwarding-0001.png","width":2157,"height":648,"caption":"Terralink Forwarding"},"image":{"@id":"https:\/\/terralink-fordwarding.com\/#\/schema\/logo\/image\/"}}]}},"_links":{"self":[{"href":"https:\/\/terralink-fordwarding.com\/es\/wp-json\/wp\/v2\/pages\/127","targetHints":{"allow":["GET"]}}],"collection":[{"href":"https:\/\/terralink-fordwarding.com\/es\/wp-json\/wp\/v2\/pages"}],"about":[{"href":"https:\/\/terralink-fordwarding.com\/es\/wp-json\/wp\/v2\/types\/page"}],"author":[{"embeddable":true,"href":"https:\/\/terralink-fordwarding.com\/es\/wp-json\/wp\/v2\/users\/1"}],"replies":[{"embeddable":true,"href":"https:\/\/terralink-fordwarding.com\/es\/wp-json\/wp\/v2\/comments?post=127"}],"version-history":[{"count":4,"href":"https:\/\/terralink-fordwarding.com\/es\/wp-json\/wp\/v2\/pages\/127\/revisions"}],"predecessor-version":[{"id":132,"href":"https:\/\/terralink-fordwarding.com\/es\/wp-json\/wp\/v2\/pages\/127\/revisions\/132"}],"wp:featuredmedia":[{"embeddable":true,"href":"https:\/\/terralink-fordwarding.com\/es\/wp-json\/wp\/v2\/media\/14"}],"wp:attachment":[{"href":"https:\/\/terralink-fordwarding.com\/es\/wp-json\/wp\/v2\/media?parent=127"}],"curies":[{"name":"wp","href":"https:\/\/api.w.org\/{rel}","templated":true}]}}