{"id":107,"date":"2025-11-03T00:30:05","date_gmt":"2025-11-03T00:30:05","guid":{"rendered":"https:\/\/terralink-fordwarding.com\/?page_id=107"},"modified":"2025-11-03T00:45:37","modified_gmt":"2025-11-03T00:45:37","slug":"transporte-aereo-internacional","status":"publish","type":"page","link":"https:\/\/terralink-fordwarding.com\/es\/transporte-aereo-internacional\/","title":{"rendered":"Transporte A\u00e9reo Internacional"},"content":{"rendered":"<div data-elementor-type=\"wp-page\" data-elementor-id=\"107\" class=\"elementor elementor-107\" data-elementor-post-type=\"page\">\n\t\t\t\t\t\t<section class=\"elementor-section elementor-top-section elementor-element elementor-element-35821a1 elementor-section-height-min-height elementor-section-stretched elementor-section-boxed elementor-section-height-default elementor-section-items-middle\" data-id=\"35821a1\" data-element_type=\"section\" data-settings=\"{&quot;stretch_section&quot;:&quot;section-stretched&quot;,&quot;background_background&quot;:&quot;classic&quot;}\">\n\t\t\t\t\t\t\t<div class=\"elementor-background-overlay\"><\/div>\n\t\t\t\t\t\t\t<div class=\"elementor-container elementor-column-gap-default\">\n\t\t\t\t\t<div class=\"elementor-column elementor-col-50 elementor-top-column elementor-element elementor-element-07fa0e5\" data-id=\"07fa0e5\" data-element_type=\"column\">\n\t\t\t<div class=\"elementor-widget-wrap elementor-element-populated\">\n\t\t\t\t\t\t<div class=\"elementor-element elementor-element-22d83e2 elementor-widget elementor-widget-heading\" data-id=\"22d83e2\" data-element_type=\"widget\" data-widget_type=\"heading.default\">\n\t\t\t\t<div class=\"elementor-widget-container\">\n\t\t\t\t\t<h2 class=\"elementor-heading-title elementor-size-default\">Transporte A\u00e9reo Internacional<\/h2>\t\t\t\t<\/div>\n\t\t\t\t<\/div>\n\t\t\t\t<div class=\"elementor-element elementor-element-1a15907 elementor-widget elementor-widget-heading\" data-id=\"1a15907\" data-element_type=\"widget\" data-widget_type=\"heading.default\">\n\t\t\t\t<div class=\"elementor-widget-container\">\n\t\t\t\t\t<h2 class=\"elementor-heading-title elementor-size-default\">\u00a1Asegurando rapidez y cumplimiento aduanal!<\/h2>\t\t\t\t<\/div>\n\t\t\t\t<\/div>\n\t\t\t\t\t<\/div>\n\t\t<\/div>\n\t\t\t\t<div class=\"elementor-column elementor-col-50 elementor-top-column elementor-element elementor-element-2f244e2\" data-id=\"2f244e2\" data-element_type=\"column\">\n\t\t\t<div class=\"elementor-widget-wrap\">\n\t\t\t\t\t\t\t<\/div>\n\t\t<\/div>\n\t\t\t\t\t<\/div>\n\t\t<\/section>\n\t\t\t\t<section class=\"elementor-section elementor-top-section elementor-element elementor-element-36f069b elementor-section-boxed elementor-section-height-default elementor-section-height-default\" data-id=\"36f069b\" data-element_type=\"section\">\n\t\t\t\t\t\t<div class=\"elementor-container elementor-column-gap-default\">\n\t\t\t\t\t<div class=\"elementor-column elementor-col-100 elementor-top-column elementor-element elementor-element-b97b356\" data-id=\"b97b356\" data-element_type=\"column\">\n\t\t\t<div class=\"elementor-widget-wrap elementor-element-populated\">\n\t\t\t\t\t\t<div class=\"elementor-element elementor-element-7418f59 elementor-widget elementor-widget-spacer\" data-id=\"7418f59\" data-element_type=\"widget\" data-widget_type=\"spacer.default\">\n\t\t\t\t<div class=\"elementor-widget-container\">\n\t\t\t\t\t\t\t<div class=\"elementor-spacer\">\n\t\t\t<div class=\"elementor-spacer-inner\"><\/div>\n\t\t<\/div>\n\t\t\t\t\t\t<\/div>\n\t\t\t\t<\/div>\n\t\t\t\t\t<\/div>\n\t\t<\/div>\n\t\t\t\t\t<\/div>\n\t\t<\/section>\n\t\t\t\t<section class=\"elementor-section elementor-top-section elementor-element elementor-element-043a219 elementor-section-stretched elementor-section-boxed elementor-section-height-default elementor-section-height-default\" data-id=\"043a219\" data-element_type=\"section\" data-settings=\"{&quot;stretch_section&quot;:&quot;section-stretched&quot;}\">\n\t\t\t\t\t\t<div class=\"elementor-container elementor-column-gap-default\">\n\t\t\t\t\t<div class=\"elementor-column elementor-col-50 elementor-top-column elementor-element elementor-element-f1434ec\" data-id=\"f1434ec\" data-element_type=\"column\">\n\t\t\t<div class=\"elementor-widget-wrap elementor-element-populated\">\n\t\t\t\t\t\t<div class=\"elementor-element elementor-element-551068f elementor-widget elementor-widget-heading\" data-id=\"551068f\" data-element_type=\"widget\" data-widget_type=\"heading.default\">\n\t\t\t\t<div class=\"elementor-widget-container\">\n\t\t\t\t\t<h2 class=\"elementor-heading-title elementor-size-default\">Nuestra Soluci\u00f3n<\/h2>\t\t\t\t<\/div>\n\t\t\t\t<\/div>\n\t\t\t\t<div class=\"elementor-element elementor-element-d7dcba1 elementor-widget elementor-widget-text-editor\" data-id=\"d7dcba1\" data-element_type=\"widget\" data-widget_type=\"text-editor.default\">\n\t\t\t\t<div class=\"elementor-widget-container\">\n\t\t\t\t\t\t\t\t\t<p>Cuando la velocidad es crucial y tu mercanc\u00eda no puede esperar, el <b>transporte a\u00e9reo internacional<\/b> se convierte en una operaci\u00f3n de alto riesgo si no se gestiona con precisi\u00f3n. El principal dolor de cabeza para los clientes es la falta de visibilidad y el temor a que los env\u00edos urgentes se demoren por problemas aduaneros.<\/p><p>\u00a0<\/p><p>Proveemos servicios de <b>carga mar\u00edtima<\/b> tanto para contenedor completo (<b>FCL<\/b>) como para <b>LCL<\/b>. Trabajamos con las principales navieras a nivel global para <b>optimizar rutas y costos<\/b>, lo que se traduce en un ahorro sustancial para tu empresa. Garantizamos <b>eficiencia, visibilidad y seguridad<\/b> durante toda la traves\u00eda.<\/p>\t\t\t\t\t\t\t\t<\/div>\n\t\t\t\t<\/div>\n\t\t\t\t\t<\/div>\n\t\t<\/div>\n\t\t\t\t<div class=\"elementor-column elementor-col-50 elementor-top-column elementor-element elementor-element-d7a63d6\" data-id=\"d7a63d6\" data-element_type=\"column\" data-settings=\"{&quot;background_background&quot;:&quot;classic&quot;}\">\n\t\t\t<div class=\"elementor-widget-wrap\">\n\t\t\t\t\t\t\t<\/div>\n\t\t<\/div>\n\t\t\t\t\t<\/div>\n\t\t<\/section>\n\t\t\t\t<section class=\"elementor-section elementor-top-section elementor-element elementor-element-ad5f234 elementor-section-boxed elementor-section-height-default elementor-section-height-default\" data-id=\"ad5f234\" data-element_type=\"section\">\n\t\t\t\t\t\t<div class=\"elementor-container elementor-column-gap-default\">\n\t\t\t\t\t<div class=\"elementor-column elementor-col-100 elementor-top-column elementor-element elementor-element-d879278\" data-id=\"d879278\" data-element_type=\"column\">\n\t\t\t<div class=\"elementor-widget-wrap elementor-element-populated\">\n\t\t\t\t\t\t<div class=\"elementor-element elementor-element-e3144e1 elementor-widget elementor-widget-spacer\" data-id=\"e3144e1\" data-element_type=\"widget\" data-widget_type=\"spacer.default\">\n\t\t\t\t<div class=\"elementor-widget-container\">\n\t\t\t\t\t\t\t<div class=\"elementor-spacer\">\n\t\t\t<div class=\"elementor-spacer-inner\"><\/div>\n\t\t<\/div>\n\t\t\t\t\t\t<\/div>\n\t\t\t\t<\/div>\n\t\t\t\t\t<\/div>\n\t\t<\/div>\n\t\t\t\t\t<\/div>\n\t\t<\/section>\n\t\t\t\t<section class=\"elementor-section elementor-top-section elementor-element elementor-element-1d673a0 elementor-section-stretched elementor-section-boxed elementor-section-height-default elementor-section-height-default\" data-id=\"1d673a0\" data-element_type=\"section\" data-settings=\"{&quot;stretch_section&quot;:&quot;section-stretched&quot;}\">\n\t\t\t\t\t\t<div class=\"elementor-container elementor-column-gap-default\">\n\t\t\t\t\t<div class=\"elementor-column elementor-col-50 elementor-top-column elementor-element elementor-element-c188162\" data-id=\"c188162\" data-element_type=\"column\" data-settings=\"{&quot;background_background&quot;:&quot;classic&quot;}\">\n\t\t\t<div class=\"elementor-widget-wrap elementor-element-populated\">\n\t\t\t\t\t\t<div class=\"elementor-element elementor-element-52f4f30 elementor-widget elementor-widget-spacer\" data-id=\"52f4f30\" data-element_type=\"widget\" data-widget_type=\"spacer.default\">\n\t\t\t\t<div class=\"elementor-widget-container\">\n\t\t\t\t\t\t\t<div class=\"elementor-spacer\">\n\t\t\t<div class=\"elementor-spacer-inner\"><\/div>\n\t\t<\/div>\n\t\t\t\t\t\t<\/div>\n\t\t\t\t<\/div>\n\t\t\t\t\t<\/div>\n\t\t<\/div>\n\t\t\t\t<div class=\"elementor-column elementor-col-50 elementor-top-column elementor-element elementor-element-08aa719\" data-id=\"08aa719\" data-element_type=\"column\">\n\t\t\t<div class=\"elementor-widget-wrap elementor-element-populated\">\n\t\t\t\t\t\t<div class=\"elementor-element elementor-element-c4c2ac3 elementor-widget elementor-widget-heading\" data-id=\"c4c2ac3\" data-element_type=\"widget\" data-widget_type=\"heading.default\">\n\t\t\t\t<div class=\"elementor-widget-container\">\n\t\t\t\t\t<h2 class=\"elementor-heading-title elementor-size-default\">Ventaja Competitiva<\/h2>\t\t\t\t<\/div>\n\t\t\t\t<\/div>\n\t\t\t\t<div class=\"elementor-element elementor-element-6d2decb elementor-widget elementor-widget-text-editor\" data-id=\"6d2decb\" data-element_type=\"widget\" data-widget_type=\"text-editor.default\">\n\t\t\t\t<div class=\"elementor-widget-container\">\n\t\t\t\t\t\t\t\t\t<p><b>Trazabilidad 24\/7:<\/b> Nuestros <b>sistemas tecnol\u00f3gicos<\/b> te brindan monitoreo constante y actualizado, permiti\u00e9ndote tomar decisiones con informaci\u00f3n precisa.<\/p><p><b>Gesti\u00f3n Documental Proactiva:<\/b> Garantizamos el estricto <b>cumplimiento aduanal<\/b> desde el origen, lo que reduce dr\u00e1sticamente las posibilidades de interrupciones o inspecciones inesperadas.<\/p><p><b>Tiempos Reducidos Garantizados:<\/b> A trav\u00e9s de nuestras <b>alianzas internacionales<\/b>, accedemos a las rutas m\u00e1s eficientes, asegurando la mayor <b>rapidez<\/b> para tus activos de alto valor.<\/p><p><b>Asesor\u00eda Completa de Riesgos:<\/b> M\u00e1s all\u00e1 del env\u00edo, te asesoramos en p\u00f3lizas de seguros de carga para proteger totalmente tu inversi\u00f3n ante cualquier imprevisto.<\/p><p><b>Coordinaci\u00f3n Multimodal \u00c1gil:<\/b> Aseguramos una transici\u00f3n fluida y eficiente con el <b>transporte terrestre<\/b> o mar\u00edtimo al llegar a cualquier aeropuerto internacional.<\/p>\t\t\t\t\t\t\t\t<\/div>\n\t\t\t\t<\/div>\n\t\t\t\t\t<\/div>\n\t\t<\/div>\n\t\t\t\t\t<\/div>\n\t\t<\/section>\n\t\t\t\t<\/div>","protected":false},"excerpt":{"rendered":"<p>Transporte A\u00e9reo Internacional \u00a1Asegurando rapidez y cumplimiento aduanal! Nuestra Soluci\u00f3n&hellip;<\/p>\n<p> <a class=\"more-link\" href=\"https:\/\/terralink-fordwarding.com\/es\/transporte-aereo-internacional\/\">Leer m\u00e1s<\/a><\/p>","protected":false},"author":1,"featured_media":14,"parent":0,"menu_order":0,"comment_status":"closed","ping_status":"closed","template":"","meta":{"footnotes":""},"class_list":["post-107","page","type-page","status-publish","has-post-thumbnail"],"yoast_head":"<!-- This site is optimized with the Yoast SEO plugin v26.6 - https:\/\/yoast.com\/wordpress\/plugins\/seo\/ -->\n<title>Transporte A\u00e9reo Internacional - Terralink Forwarding<\/title>\n<meta name=\"description\" content=\"Ofrecemos soluciones flexibles con cobertura global y tiempos de tr\u00e1nsito reducidos\" \/>\n<meta name=\"robots\" content=\"index, follow, max-snippet:-1, max-image-preview:large, max-video-preview:-1\" \/>\n<link rel=\"canonical\" href=\"https:\/\/terralink-fordwarding.com\/es\/transporte-aereo-internacional\/\" \/>\n<meta property=\"og:locale\" content=\"es_MX\" \/>\n<meta property=\"og:type\" content=\"article\" \/>\n<meta property=\"og:title\" content=\"Transporte A\u00e9reo Internacional - Terralink Forwarding\" \/>\n<meta property=\"og:description\" content=\"Ofrecemos soluciones flexibles con cobertura global y tiempos de tr\u00e1nsito reducidos\" \/>\n<meta property=\"og:url\" content=\"https:\/\/terralink-fordwarding.com\/es\/transporte-aereo-internacional\/\" \/>\n<meta property=\"og:site_name\" content=\"Terralink Forwarding\" \/>\n<meta property=\"article:modified_time\" content=\"2025-11-03T00:45:37+00:00\" \/>\n<meta property=\"og:image\" content=\"https:\/\/terralink-fordwarding.com\/wp-content\/uploads\/2025\/11\/terralink-forwarding-0001.png\" \/>\n\t<meta property=\"og:image:width\" content=\"2157\" \/>\n\t<meta property=\"og:image:height\" content=\"648\" \/>\n\t<meta property=\"og:image:type\" content=\"image\/png\" \/>\n<meta name=\"twitter:card\" content=\"summary_large_image\" \/>\n<meta name=\"twitter:label1\" content=\"Tiempo de lectura\" \/>\n\t<meta name=\"twitter:data1\" content=\"1 minuto\" \/>\n<script type=\"application\/ld+json\" class=\"yoast-schema-graph\">{\"@context\":\"https:\/\/schema.org\",\"@graph\":[{\"@type\":\"WebPage\",\"@id\":\"https:\/\/terralink-fordwarding.com\/transporte-aereo-internacional\/\",\"url\":\"https:\/\/terralink-fordwarding.com\/transporte-aereo-internacional\/\",\"name\":\"Transporte A\u00e9reo Internacional - Terralink Forwarding\",\"isPartOf\":{\"@id\":\"https:\/\/terralink-fordwarding.com\/#website\"},\"primaryImageOfPage\":{\"@id\":\"https:\/\/terralink-fordwarding.com\/transporte-aereo-internacional\/#primaryimage\"},\"image\":{\"@id\":\"https:\/\/terralink-fordwarding.com\/transporte-aereo-internacional\/#primaryimage\"},\"thumbnailUrl\":\"https:\/\/terralink-fordwarding.com\/wp-content\/uploads\/2025\/11\/terralink-forwarding-0001.png\",\"datePublished\":\"2025-11-03T00:30:05+00:00\",\"dateModified\":\"2025-11-03T00:45:37+00:00\",\"description\":\"Ofrecemos soluciones flexibles con cobertura global y tiempos de tr\u00e1nsito reducidos\",\"breadcrumb\":{\"@id\":\"https:\/\/terralink-fordwarding.com\/transporte-aereo-internacional\/#breadcrumb\"},\"inLanguage\":\"es\",\"potentialAction\":[{\"@type\":\"ReadAction\",\"target\":[\"https:\/\/terralink-fordwarding.com\/transporte-aereo-internacional\/\"]}]},{\"@type\":\"ImageObject\",\"inLanguage\":\"es\",\"@id\":\"https:\/\/terralink-fordwarding.com\/transporte-aereo-internacional\/#primaryimage\",\"url\":\"https:\/\/terralink-fordwarding.com\/wp-content\/uploads\/2025\/11\/terralink-forwarding-0001.png\",\"contentUrl\":\"https:\/\/terralink-fordwarding.com\/wp-content\/uploads\/2025\/11\/terralink-forwarding-0001.png\",\"width\":2157,\"height\":648},{\"@type\":\"BreadcrumbList\",\"@id\":\"https:\/\/terralink-fordwarding.com\/transporte-aereo-internacional\/#breadcrumb\",\"itemListElement\":[{\"@type\":\"ListItem\",\"position\":1,\"name\":\"Home\",\"item\":\"https:\/\/terralink-fordwarding.com\/\"},{\"@type\":\"ListItem\",\"position\":2,\"name\":\"Transporte A\u00e9reo Internacional\"}]},{\"@type\":\"WebSite\",\"@id\":\"https:\/\/terralink-fordwarding.com\/#website\",\"url\":\"https:\/\/terralink-fordwarding.com\/\",\"name\":\"Terralink Forwarding\",\"description\":\"Log&iacute;stica Integral y Despacho Aduanal en M&eacute;xico: Tu V&iacute;nculo con el Comercio Global.\",\"publisher\":{\"@id\":\"https:\/\/terralink-fordwarding.com\/#organization\"},\"potentialAction\":[{\"@type\":\"SearchAction\",\"target\":{\"@type\":\"EntryPoint\",\"urlTemplate\":\"https:\/\/terralink-fordwarding.com\/?s={search_term_string}\"},\"query-input\":{\"@type\":\"PropertyValueSpecification\",\"valueRequired\":true,\"valueName\":\"search_term_string\"}}],\"inLanguage\":\"es\"},{\"@type\":\"Organization\",\"@id\":\"https:\/\/terralink-fordwarding.com\/#organization\",\"name\":\"Terralink Forwarding\",\"url\":\"https:\/\/terralink-fordwarding.com\/\",\"logo\":{\"@type\":\"ImageObject\",\"inLanguage\":\"es\",\"@id\":\"https:\/\/terralink-fordwarding.com\/#\/schema\/logo\/image\/\",\"url\":\"https:\/\/terralink-fordwarding.com\/wp-content\/uploads\/2025\/11\/terralink-forwarding-0001.png\",\"contentUrl\":\"https:\/\/terralink-fordwarding.com\/wp-content\/uploads\/2025\/11\/terralink-forwarding-0001.png\",\"width\":2157,\"height\":648,\"caption\":\"Terralink Forwarding\"},\"image\":{\"@id\":\"https:\/\/terralink-fordwarding.com\/#\/schema\/logo\/image\/\"}}]}<\/script>\n<!-- \/ Yoast SEO plugin. -->","yoast_head_json":{"title":"Transporte A\u00e9reo Internacional - Terralink Forwarding","description":"Ofrecemos soluciones flexibles con cobertura global y tiempos de tr\u00e1nsito reducidos","robots":{"index":"index","follow":"follow","max-snippet":"max-snippet:-1","max-image-preview":"max-image-preview:large","max-video-preview":"max-video-preview:-1"},"canonical":"https:\/\/terralink-fordwarding.com\/es\/transporte-aereo-internacional\/","og_locale":"es_MX","og_type":"article","og_title":"Transporte A\u00e9reo Internacional - Terralink Forwarding","og_description":"Ofrecemos soluciones flexibles con cobertura global y tiempos de tr\u00e1nsito reducidos","og_url":"https:\/\/terralink-fordwarding.com\/es\/transporte-aereo-internacional\/","og_site_name":"Terralink Forwarding","article_modified_time":"2025-11-03T00:45:37+00:00","og_image":[{"width":2157,"height":648,"url":"https:\/\/terralink-fordwarding.com\/wp-content\/uploads\/2025\/11\/terralink-forwarding-0001.png","type":"image\/png"}],"twitter_card":"summary_large_image","twitter_misc":{"Tiempo de lectura":"1 minuto"},"schema":{"@context":"https:\/\/schema.org","@graph":[{"@type":"WebPage","@id":"https:\/\/terralink-fordwarding.com\/transporte-aereo-internacional\/","url":"https:\/\/terralink-fordwarding.com\/transporte-aereo-internacional\/","name":"Transporte A\u00e9reo Internacional - Terralink Forwarding","isPartOf":{"@id":"https:\/\/terralink-fordwarding.com\/#website"},"primaryImageOfPage":{"@id":"https:\/\/terralink-fordwarding.com\/transporte-aereo-internacional\/#primaryimage"},"image":{"@id":"https:\/\/terralink-fordwarding.com\/transporte-aereo-internacional\/#primaryimage"},"thumbnailUrl":"https:\/\/terralink-fordwarding.com\/wp-content\/uploads\/2025\/11\/terralink-forwarding-0001.png","datePublished":"2025-11-03T00:30:05+00:00","dateModified":"2025-11-03T00:45:37+00:00","description":"Ofrecemos soluciones flexibles con cobertura global y tiempos de tr\u00e1nsito reducidos","breadcrumb":{"@id":"https:\/\/terralink-fordwarding.com\/transporte-aereo-internacional\/#breadcrumb"},"inLanguage":"es","potentialAction":[{"@type":"ReadAction","target":["https:\/\/terralink-fordwarding.com\/transporte-aereo-internacional\/"]}]},{"@type":"ImageObject","inLanguage":"es","@id":"https:\/\/terralink-fordwarding.com\/transporte-aereo-internacional\/#primaryimage","url":"https:\/\/terralink-fordwarding.com\/wp-content\/uploads\/2025\/11\/terralink-forwarding-0001.png","contentUrl":"https:\/\/terralink-fordwarding.com\/wp-content\/uploads\/2025\/11\/terralink-forwarding-0001.png","width":2157,"height":648},{"@type":"BreadcrumbList","@id":"https:\/\/terralink-fordwarding.com\/transporte-aereo-internacional\/#breadcrumb","itemListElement":[{"@type":"ListItem","position":1,"name":"Home","item":"https:\/\/terralink-fordwarding.com\/"},{"@type":"ListItem","position":2,"name":"Transporte A\u00e9reo Internacional"}]},{"@type":"WebSite","@id":"https:\/\/terralink-fordwarding.com\/#website","url":"https:\/\/terralink-fordwarding.com\/","name":"Terralink Forwarding","description":"Log&iacute;stica Integral y Despacho Aduanal en M&eacute;xico: Tu V&iacute;nculo con el Comercio Global.","publisher":{"@id":"https:\/\/terralink-fordwarding.com\/#organization"},"potentialAction":[{"@type":"SearchAction","target":{"@type":"EntryPoint","urlTemplate":"https:\/\/terralink-fordwarding.com\/?s={search_term_string}"},"query-input":{"@type":"PropertyValueSpecification","valueRequired":true,"valueName":"search_term_string"}}],"inLanguage":"es"},{"@type":"Organization","@id":"https:\/\/terralink-fordwarding.com\/#organization","name":"Terralink Forwarding","url":"https:\/\/terralink-fordwarding.com\/","logo":{"@type":"ImageObject","inLanguage":"es","@id":"https:\/\/terralink-fordwarding.com\/#\/schema\/logo\/image\/","url":"https:\/\/terralink-fordwarding.com\/wp-content\/uploads\/2025\/11\/terralink-forwarding-0001.png","contentUrl":"https:\/\/terralink-fordwarding.com\/wp-content\/uploads\/2025\/11\/terralink-forwarding-0001.png","width":2157,"height":648,"caption":"Terralink Forwarding"},"image":{"@id":"https:\/\/terralink-fordwarding.com\/#\/schema\/logo\/image\/"}}]}},"_links":{"self":[{"href":"https:\/\/terralink-fordwarding.com\/es\/wp-json\/wp\/v2\/pages\/107","targetHints":{"allow":["GET"]}}],"collection":[{"href":"https:\/\/terralink-fordwarding.com\/es\/wp-json\/wp\/v2\/pages"}],"about":[{"href":"https:\/\/terralink-fordwarding.com\/es\/wp-json\/wp\/v2\/types\/page"}],"author":[{"embeddable":true,"href":"https:\/\/terralink-fordwarding.com\/es\/wp-json\/wp\/v2\/users\/1"}],"replies":[{"embeddable":true,"href":"https:\/\/terralink-fordwarding.com\/es\/wp-json\/wp\/v2\/comments?post=107"}],"version-history":[{"count":7,"href":"https:\/\/terralink-fordwarding.com\/es\/wp-json\/wp\/v2\/pages\/107\/revisions"}],"predecessor-version":[{"id":120,"href":"https:\/\/terralink-fordwarding.com\/es\/wp-json\/wp\/v2\/pages\/107\/revisions\/120"}],"wp:featuredmedia":[{"embeddable":true,"href":"https:\/\/terralink-fordwarding.com\/es\/wp-json\/wp\/v2\/media\/14"}],"wp:attachment":[{"href":"https:\/\/terralink-fordwarding.com\/es\/wp-json\/wp\/v2\/media?parent=107"}],"curies":[{"name":"wp","href":"https:\/\/api.w.org\/{rel}","templated":true}]}}